{"id":2471,"date":"2018-11-13T16:35:09","date_gmt":"2018-11-13T15:35:09","guid":{"rendered":"https:\/\/www.manoirdekerguestenen.fr\/contatto\/"},"modified":"2023-06-13T17:02:06","modified_gmt":"2023-06-13T15:02:06","slug":"contatto","status":"publish","type":"page","link":"https:\/\/manoirdekerguestenen.fr\/it\/contatto\/","title":{"rendered":"Contattateci"},"content":{"rendered":"\n<div class=\"wp-block-columns has-2-columns is-layout-flex wp-container-core-columns-is-layout-9d6595d7 wp-block-columns-is-layout-flex\">\n<div class=\"wp-block-column is-layout-flow wp-block-column-is-layout-flow\">\n<h3 class=\"wp-block-heading\">Rimanere in contatto<\/h3>\n\n\n\n<p>Il Manoir de Kerguestenen \u00e8 una delle pensioni pi\u00f9 popolari della regione di Lorient. Ogni momento del vostro soggiorno \u00e8 importante per noi, quindi vogliamo assicurarci che vi siate goduti la vostra vacanza.  <\/p>\n\n\n\n<p><a href=\"tel:+33%2006%2095%2035%2088%2033\">+33 06 95 35 88 33<\/a><br\/><a href=\"mailto:contact@manoirdekerguestenen.fr\">contact@manoirdekerguestenen.fr<\/a><\/p>\n\n\n\n<div style=\"height:10px\" aria-hidden=\"true\" class=\"wp-block-spacer\"><\/div>\n\n\n\n<p><strong>Villa Kerguestenen<br\/>All\u00e9e de Kerguestenen<br\/>56530 GESTEL<\/strong><\/p>\n\n\n\n<p>Coordinate GPS dell&#8217;ingresso del parco del maniero:<br\/>  Latitudine: 47.80070<br\/>  Longitudine: -3.42840<br\/>In gradi, minuti, secondi<br\/>  Latitudine: 47\u00b048&#8217;2.52&#8221;N<br\/>  Longitudine: 3\u00b025&#8217;42 .239&#8221;W<\/p>\n\n\n\n<p>Prendere la strada che collega Gestel e Queven.<br\/>Alla rotonda di Kerdy, dirigersi verso Kerguestenen.<br\/>A circa 500 m dalla rotatoria, svoltare a destra al bivio.<\/p>\n\n\n\n<p class=\"has-text-color\" style=\"color:#6e7078\">Manoir de Kerguestenen, 56530 GESTEL, FR<\/p>\n\n\n\n<figure><iframe loading=\"lazy\" src=\"https:\/\/maps.google.com\/maps?q=kerguestenen,%20gestel&#038;t=&#038;z=13&#038;ie=UTF8&#038;iwloc=&#038;output=embed\" allowfullscreen=\"\" width=\"892\" height=\"300\" frameborder=\"0\"><\/iframe><\/figure>\n\n\n\n<h3 class=\"wp-block-heading\">Lasciateci un messaggio<\/h3>\n\n\n\n<div class=\"wpcf7 no-js\" id=\"wpcf7-f2381-o1\" lang=\"it-IT\" dir=\"ltr\" data-wpcf7-id=\"2381\">\n<div class=\"screen-reader-response\"><p role=\"status\" aria-live=\"polite\" aria-atomic=\"true\"><\/p> <ul><\/ul><\/div>\n<form action=\"\/it\/wp-json\/wp\/v2\/pages\/2471#wpcf7-f2381-o1\" method=\"post\" class=\"wpcf7-form init\" aria-label=\"Contact form\" novalidate=\"novalidate\" data-status=\"init\">\n<fieldset class=\"hidden-fields-container\"><input type=\"hidden\" name=\"_wpcf7\" value=\"2381\" \/><input type=\"hidden\" name=\"_wpcf7_version\" value=\"6.1.5\" \/><input type=\"hidden\" name=\"_wpcf7_locale\" value=\"it_IT\" \/><input type=\"hidden\" name=\"_wpcf7_unit_tag\" value=\"wpcf7-f2381-o1\" \/><input type=\"hidden\" name=\"_wpcf7_container_post\" value=\"0\" \/><input type=\"hidden\" name=\"_wpcf7_posted_data_hash\" value=\"\" \/>\n<\/fieldset>\n<p><label> Il tuo nome<br \/>\n<span class=\"wpcf7-form-control-wrap\" data-name=\"your-name\"><input size=\"40\" maxlength=\"400\" class=\"wpcf7-form-control wpcf7-text wpcf7-validates-as-required\" aria-required=\"true\" aria-invalid=\"false\" value=\"\" type=\"text\" name=\"your-name\" \/><\/span> <\/label>\n<\/p>\n<p><label> Il vostro indirizzo e-mail<br \/>\n<span class=\"wpcf7-form-control-wrap\" data-name=\"your-email\"><input size=\"40\" maxlength=\"400\" class=\"wpcf7-form-control wpcf7-email wpcf7-validates-as-required wpcf7-text wpcf7-validates-as-email\" aria-required=\"true\" aria-invalid=\"false\" value=\"\" type=\"email\" name=\"your-email\" \/><\/span> <\/label>\n<\/p>\n<p><label> Oggetto<br \/>\n<span class=\"wpcf7-form-control-wrap\" data-name=\"your-subject\"><input size=\"40\" maxlength=\"400\" class=\"wpcf7-form-control wpcf7-text wpcf7-validates-as-required\" aria-required=\"true\" aria-invalid=\"false\" value=\"\" type=\"text\" name=\"your-subject\" \/><\/span> <\/label>\n<\/p>\n<p><label> Messaggio (facoltativo)<br \/>\n<span class=\"wpcf7-form-control-wrap\" data-name=\"your-message\"><textarea cols=\"40\" rows=\"10\" maxlength=\"2000\" class=\"wpcf7-form-control wpcf7-textarea\" aria-invalid=\"false\" name=\"your-message\"><\/textarea><\/span> <\/label>\n<\/p>\n<p><input class=\"wpcf7-form-control wpcf7-submit has-spinner\" type=\"submit\" value=\"Envoyer\" \/>\n<\/p><div class=\"wpcf7-response-output\" aria-hidden=\"true\"><\/div>\n<\/form>\n<\/div>\n\n<\/div>\n<\/div>\n","protected":false},"excerpt":{"rendered":"<p>Rimanere in contatto Il Manoir de Kerguestenen \u00e8 una delle pensioni pi\u00f9 popolari della regione di Lorient. Ogni momento del vostro soggiorno \u00e8 importante per noi, quindi vogliamo assicurarci che vi siate goduti la vostra vacanza. +33 06 95 35 88 33contact@manoirdekerguestenen.fr Villa KerguestenenAll\u00e9e de Kerguestenen56530 GESTEL Coordinate GPS dell&#8217;ingresso del parco del maniero: Latitudine: &hellip; <a href=\"https:\/\/manoirdekerguestenen.fr\/it\/contatto\/\" class=\"more-link\">Continue reading<span class=\"screen-reader-text\"> &#8220;Contattateci&#8221;<\/span><\/a><\/p>\n","protected":false},"author":1,"featured_media":2321,"parent":0,"menu_order":0,"comment_status":"closed","ping_status":"closed","template":"template-full-width-page.php","meta":{"footnotes":""},"class_list":["post-2471","page","type-page","status-publish","has-post-thumbnail","hentry"],"aioseo_notices":[],"_links":{"self":[{"href":"https:\/\/manoirdekerguestenen.fr\/it\/wp-json\/wp\/v2\/pages\/2471","targetHints":{"allow":["GET"]}}],"collection":[{"href":"https:\/\/manoirdekerguestenen.fr\/it\/wp-json\/wp\/v2\/pages"}],"about":[{"href":"https:\/\/manoirdekerguestenen.fr\/it\/wp-json\/wp\/v2\/types\/page"}],"author":[{"embeddable":true,"href":"https:\/\/manoirdekerguestenen.fr\/it\/wp-json\/wp\/v2\/users\/1"}],"replies":[{"embeddable":true,"href":"https:\/\/manoirdekerguestenen.fr\/it\/wp-json\/wp\/v2\/comments?post=2471"}],"version-history":[{"count":1,"href":"https:\/\/manoirdekerguestenen.fr\/it\/wp-json\/wp\/v2\/pages\/2471\/revisions"}],"predecessor-version":[{"id":2472,"href":"https:\/\/manoirdekerguestenen.fr\/it\/wp-json\/wp\/v2\/pages\/2471\/revisions\/2472"}],"wp:featuredmedia":[{"embeddable":true,"href":"https:\/\/manoirdekerguestenen.fr\/it\/wp-json\/wp\/v2\/media\/2321"}],"wp:attachment":[{"href":"https:\/\/manoirdekerguestenen.fr\/it\/wp-json\/wp\/v2\/media?parent=2471"}],"curies":[{"name":"wp","href":"https:\/\/api.w.org\/{rel}","templated":true}]}}