{"id":2459,"date":"2018-11-14T10:18:46","date_gmt":"2018-11-14T09:18:46","guid":{"rendered":"https:\/\/www.manoirdekerguestenen.fr\/cgv\/"},"modified":"2024-09-03T18:15:22","modified_gmt":"2024-09-03T16:15:22","slug":"cgv","status":"publish","type":"page","link":"https:\/\/manoirdekerguestenen.fr\/it\/cgv\/","title":{"rendered":"Condizioni generali di vendita"},"content":{"rendered":"\n<p>Aggiornamento: 3 settembre 2024.<\/p>\n\n<p><br\/><br\/><br\/><br\/><br\/>A<strong>rticolo 1<\/strong> &#8211; Applicazione delle Condizioni Generali di Vendita (CGV) Le presenti condizioni generali di vendita sono destinate alla prenotazione di soggiorni in camere per ospiti presso il Manoir de Kerguestenen, situato in All\u00e9e de Kerguestenen 56530 GESTEL &#8211; FRANCIA e costituiscono il contratto di prenotazione tra SARL Manoir de Kerguestenen e il cliente per un soggiorno in una camera per ospiti. L&#8217;accettazione e il rispetto dei presenti Termini e Condizioni si considerano accettati non appena viene versato il primo acconto della prenotazione.<\/p>\n\n<p><br\/><strong>Articolo 2<\/strong> &#8211; Durata del soggiorno: Il cliente affitta una o pi\u00f9 camere per un periodo di tempo determinato e non pu\u00f2 in nessun caso avvalersi del diritto di rimanere nei locali.<\/p>\n\n<p><br\/><br\/><br\/><br\/>A<strong>rticolo 3<\/strong> &#8211; Prezzi: i prezzi applicabili sono quelli in vigore il giorno della prenotazione. I prezzi indicati sul sito web www.manoirdekerguestenen.fr sono gli unici prezzi contrattuali e includono tutte le tasse. I prezzi sono calcolati direttamente sul sito web in base alla camera richiesta, al numero di persone e al periodo dell&#8217;anno.<\/p>\n\n<p><br\/><br\/>A<strong>rticolo 4<\/strong> &#8211; Convalida della prenotazione: Le prenotazioni possono essere effettuate via e-mail o per telefono. Le prenotazioni si considerano ferme e definitive solo dopo il ricevimento di una caparra, che viene incassata al momento del ricevimento e detratta dalla fattura all&#8217;arrivo. L&#8217;acconto deve essere versato entro e non oltre otto giorni dalla prenotazione.<br\/>L&#8217;importo della caparra \u00e8 pari al 50% del prezzo totale del soggiorno, indipendentemente dalla durata.<br\/><br\/><br\/><br\/><br\/>Il pagamento della caparra pu\u00f2 essere effettuato: &#8211; con assegno (intestato a SARL Manoir de Kerguestenen, per posta) &#8211; con pagamento sicuro tramite il sito web del Manoir &#8211; con qualsiasi altro mezzo offerto sul sito web Il pagamento della caparra implica l&#8217;accettazione delle presenti condizioni generali di vendita.<br\/>Non appena riceveremo il vostro deposito, vi invieremo un&#8217;e-mail di conferma della ricezione, con i dettagli del servizio prenotato, che avr\u00e0 valore di contratto. <br\/>Se la prenotazione viene effettuata per telefono, ci impegniamo a confermare la ricezione del deposito per telefono o via SMS.<\/p>\n\n<p>Si ricorda ai clienti che non hanno il diritto di recesso previsto dall&#8217;articolo L 221-18 del Codice del Consumo francese, ai sensi dell&#8217;articolo L 221-28 dello stesso codice.<\/p>\n\n<p><br\/><strong>Articolo 5<\/strong> &#8211; Cancellazione da parte del Cliente: La comunicazione orale o scritta del Cliente di non partecipare per motivi personali, o la mancata partecipazione del Cliente senza preavviso, sar\u00e0 considerata come una cancellazione.<br\/>Qualsiasi annullamento deve essere notificato per lettera indirizzata a SARL Manoir de Kerguestenen, o per e-mail (contatto @manoir de kerguestenen. fr).<br\/><br\/>Condizioni economiche di cancellazione: &#8211; Se la cancellazione avviene pi\u00f9 di 30 giorni prima dell&#8217;inizio della vacanza, la caparra versata al momento della prenotazione sar\u00e0 restituita al cliente.<br\/>&#8211; Se la cancellazione avviene tra i 7 e i 30 giorni, il deposito non verr\u00e0 rimborsato.<br\/>&#8211; Se la cancellazione avviene meno di 7 giorni prima dell&#8217;inizio del soggiorno, la caparra sar\u00e0 trattenuta dai proprietari, che si riservano il diritto di richiedere il saldo del prezzo dell&#8217;alloggio.<br\/>Se il cliente non si presenta entro le ore 19.00 del giorno previsto per l&#8217;inizio del soggiorno, i proprietari si riservano il diritto di disporre delle camere degli ospiti. <br\/>Il deposito rimane di propriet\u00e0 del Manoir de Kerguestenen che si riserva il diritto di richiedere il saldo del prezzo dell&#8217;alloggio. In caso di soggiorno ridotto, il prezzo corrispondente al costo dell&#8217;alloggio rimane di propriet\u00e0 del Manoir de Kerguestenen.\nSi ricorda al cliente che non ha il diritto di recesso previsto dall&#8217;articolo L 221-18 del Codice del Consumo ai sensi dell&#8217;articolo L 221-28 dello stesso codice. <\/p>\n\n<p><br\/><strong>Articolo 6<\/strong> &#8211; Modifiche alla prenotazione da parte del cliente:<br\/>Le modifiche alle prenotazioni possono essere effettuate solo via e-mail. La SARL Manoir de Kerguestenen far\u00e0 il possibile per soddisfare le richieste di modifica delle date dei soggiorni. Se ci\u00f2 non fosse possibile, le relative disposizioni finanziarie saranno prese in riferimento all&#8217;articolo 5 delle CGC sulle condizioni finanziarie dell&#8217;annullamento.<\/p>\n\n<p><br\/><strong>Articolo 7<\/strong> &#8211; Annullamento da parte del Manoir de Kerguestenen: se, prima dell&#8217;inizio del soggiorno, i proprietari annullano il soggiorno per motivi indipendenti dalla loro volont\u00e0, devono informare il cliente il prima possibile per telefono o per e-mail. Le somme versate saranno immediatamente rimborsate.<\/p>\n\n<p><br\/><br\/>A<strong>rticolo 8<\/strong> &#8211; Orario di arrivo: Il cliente deve arrivare nel giorno specificato nella prenotazione e negli orari indicati sul sito web. Le camere sono disponibili a partire dalle ore 17.00. Vi preghiamo di avvisarci se arrivate dopo le 19:00. Non si accettano arrivi dopo le 22:00.<br\/><strong>Articolo 9<\/strong> &#8211; Orario di check-out: le camere devono essere liberate entro le ore 10:00. Dopo le 11:00 verr\u00e0 addebitato un supplemento per la notte.<\/p>\n\n<p><br\/><strong>Articolo 10<\/strong> &#8211; Pagamento del saldo del soggiorno : Il saldo del soggiorno deve essere versato il giorno della partenza. <br\/><br\/><br\/><br\/>Il saldo pu\u00f2 essere pagato come segue: &#8211; in contanti &#8211; con bonifico bancario &#8211; con assegno &#8211; con carta di credito: Visa, V PAY, MasterCard, Maestro, American Express, Discover, Diners Club, <\/p>\n\n<p><br\/><br\/>I consumi e i servizi aggiuntivi non previsti dovranno essere pagati alla fine del soggiorno. Mancato pagamento: in caso di mancato pagamento, il Manoir de Kerguestenen applicher\u00e0 le penali di mora al tasso legale pi\u00f9 il 10% e si riserva il diritto di aggiungere le varie spese di incasso.<\/p>\n\n<p><br\/><strong>Articolo 11<\/strong> &#8211; Tassa di soggiorno: La tassa di soggiorno \u00e8 un&#8217;imposta locale ed \u00e8 inclusa nel prezzo del pernottamento. Viene raccolto dai proprietari per conto di Lorient Agglom\u00e9ration.<\/p>\n\n<p><br\/><strong>Articolo 12<\/strong> &#8211; Cambio di camera: senza che il cliente possa pretendere alcun risarcimento, i proprietari si riservano il diritto di cambiare la camera inizialmente prenotata dal cliente con una camera di capacit\u00e0 uguale o superiore. In questo caso, il costo della prenotazione rimane invariato.<\/p>\n\n<p><br\/><strong>Articolo 13<\/strong> &#8211; Capacit\u00e0: le prenotazioni vengono effettuate per un numero specifico di persone, a seconda della camera. Se il giorno dell&#8217;arrivo il numero degli occupanti \u00e8 superiore, i proprietari hanno il diritto di rifiutare ulteriori ospiti. Tale rifiuto non pu\u00f2 in alcun modo essere considerato come una modifica o una violazione del contratto su iniziativa dei proprietari, per cui in caso di partenza di un numero di persone superiore a quelle rifiutate, non potr\u00e0 essere preso in considerazione alcun rimborso.<\/p>\n\n<p><br\/><strong>Articolo 14<\/strong> &#8211; Colazione : La colazione viene servita all&#8217;arrivo nella sala da pranzo secondo gli orari indicati sul sito web.<\/p>\n\n<p><br\/><strong>Articolo 15<\/strong> &#8211; Animali domestici: Per motivi di igiene e di tranquillit\u00e0 dei nostri ospiti, gli animali domestici non sono accettati. In caso di mancato rispetto di questa clausola da parte del cliente, il rifiuto di accettare gli animali e i loro padroni da parte dei proprietari delle camere per gli ospiti non pu\u00f2 essere considerato come una modifica o una violazione del contratto su iniziativa dei proprietari.<\/p>\n\n<p><br\/><br\/><br\/><br\/>A<strong>rticolo 16<\/strong> &#8211; Arte di vivere, uso dei locali: Tutti gli ospiti sono invitati a rispettare una certa &#8220;arte di vivere&#8221; al fine di garantire la tranquillit\u00e0 dei locali e il comfort dei suoi ospiti. Il Manoir de Kerguestenen \u00e8 un&#8217;area interamente non fumatori, ad eccezione delle aree esterne. Gli ospiti sono inoltre invitati a non mangiare nelle loro camere. I terreni sono liberamente accessibili agli ospiti. Va notato che l&#8217;accesso al parco rimane sotto la loro piena responsabilit\u00e0.<br\/>Il cliente si impegna a utilizzare le camere e i vari locali e strutture del Manoir &#8220;con la dovuta cura e attenzione&#8221; in conformit\u00e0 alle presenti condizioni generali di vendita.<br\/>Qualsiasi atteggiamento irrispettoso nei confronti degli altri ospiti e\/o delle strutture pu\u00f2 comportare l&#8217;immediata cancellazione della prenotazione.<br\/>Il cliente si impegna a restituire le camere in perfette condizioni al termine del soggiorno e a dichiarare e pagare eventuali danni di cui \u00e8 responsabile. L&#8217;eventuale smarrimento della chiave della camera sar\u00e0 soggetto a un rimborso forfettario di \u20ac50,00 (IVA inclusa).<br\/>I bambini che soggiornano al Manoir de Kerguestenen sono sotto la responsabilit\u00e0 esclusiva dei genitori.<br\/>La cucina non \u00e8 a libera disposizione dei Clienti.<br\/>Le condizioni generali di vendita sono riportate nel libretto di benvenuto, disponibile in ogni camera.<\/p>\n\n<p><br\/><br\/>A<strong>rticolo 17<\/strong> &#8211; Responsabilit\u00e0 La SARL Manoir de Kerguestenen declina ogni responsabilit\u00e0 in caso di perdita, furto e\/o danni o lesioni a beni o persone nella propriet\u00e0, indipendentemente dalla causa.<\/p>\n\n<p><br\/><br\/><br\/><br\/>A<strong>rticolo 18<\/strong> &#8211; Controversie In caso di controversia e in assenza di un accordo amichevole, le parti si impegnano a sottoporre tutte le controversie, senza eccezioni, che possano derivare dalla validit\u00e0, dall&#8217;interpretazione o dall&#8217;esecuzione del presente contratto, al tribunale competente della giurisdizione in cui si trova il &#8220;Manoir de Kerguestenen&#8221;. La lingua che fa fede per le presenti Condizioni Generali di Vendita \u00e8 il francese. Qualsiasi controversia relativa all&#8217;interpretazione o all&#8217;esecuzione delle presenti Condizioni Generali di Vendita sar\u00e0 di competenza esclusiva del Tribunale Commerciale di Lorient.<\/p>\n\n<p><br\/><br\/><br\/><br\/>A<strong>rticolo 19<\/strong> &#8211; Accettazione delle condizioni di vendita Le presenti condizioni di vendita possono essere modificate in qualsiasi momento senza preavviso. L&#8217;accettazione e l&#8217;osservanza delle presenti condizioni di vendita si considerano accettate dal momento del versamento dell&#8217;acconto. L&#8217;inosservanza delle condizioni generali di vendita e delle istruzioni di buona educazione pu\u00f2 essere considerata come una violazione del contratto su iniziativa del cliente. In caso di partenza del cliente, non \u00e8 previsto alcun rimborso.<\/p>\n\n<p><br\/><strong>Articolo 20<\/strong> &#8211; Informatica e libert\u00e0 civili: in conformit\u00e0 alla legge del 6 gennaio 1978, l&#8217;utente ha il diritto di accedere ai dati che lo riguardano e di rettificarli. <br\/><br\/><br\/>La SARL Manoir de Kerguestenen si impegna a non trasmettere le informazioni che le hai comunicato ad altre societ\u00e0 o organizzazioni. Accesso Wifi: &#8211; L&#8217;accesso a internet disponibile per le camere degli ospiti \u00e8 conforme agli obblighi di legge definiti dal Code des Postes et des Communications Electroniques (CPCE) &#8211; Articolo L34-1. &#8211; La normativa WiFi prevede la conservazione dei dati tecnici di connessione per 1 anno. In qualit\u00e0 di operatore WiFi, Noodo \u00e8 responsabile della gestione dei dati sulla rete WiFi nelle camere del Manoir de Kerguestenen.<br\/><\/p>\n\n<p><\/p>\n","protected":false},"excerpt":{"rendered":"<p>Aggiornamento: 3 settembre 2024. Articolo 1 &#8211; Applicazione delle Condizioni Generali di Vendita (CGV) Le presenti condizioni generali di vendita sono destinate alla prenotazione di soggiorni in camere per ospiti presso il Manoir de Kerguestenen, situato in All\u00e9e de Kerguestenen 56530 GESTEL &#8211; FRANCIA e costituiscono il contratto di prenotazione tra SARL Manoir de Kerguestenen &hellip; <a href=\"https:\/\/manoirdekerguestenen.fr\/it\/cgv\/\" class=\"more-link\">Continue reading<span class=\"screen-reader-text\"> &#8220;Condizioni generali di vendita&#8221;<\/span><\/a><\/p>\n","protected":false},"author":1,"featured_media":2275,"parent":0,"menu_order":0,"comment_status":"closed","ping_status":"closed","template":"template-full-width-page.php","meta":{"footnotes":""},"class_list":["post-2459","page","type-page","status-publish","has-post-thumbnail","hentry"],"aioseo_notices":[],"_links":{"self":[{"href":"https:\/\/manoirdekerguestenen.fr\/it\/wp-json\/wp\/v2\/pages\/2459","targetHints":{"allow":["GET"]}}],"collection":[{"href":"https:\/\/manoirdekerguestenen.fr\/it\/wp-json\/wp\/v2\/pages"}],"about":[{"href":"https:\/\/manoirdekerguestenen.fr\/it\/wp-json\/wp\/v2\/types\/page"}],"author":[{"embeddable":true,"href":"https:\/\/manoirdekerguestenen.fr\/it\/wp-json\/wp\/v2\/users\/1"}],"replies":[{"embeddable":true,"href":"https:\/\/manoirdekerguestenen.fr\/it\/wp-json\/wp\/v2\/comments?post=2459"}],"version-history":[{"count":3,"href":"https:\/\/manoirdekerguestenen.fr\/it\/wp-json\/wp\/v2\/pages\/2459\/revisions"}],"predecessor-version":[{"id":4207,"href":"https:\/\/manoirdekerguestenen.fr\/it\/wp-json\/wp\/v2\/pages\/2459\/revisions\/4207"}],"wp:featuredmedia":[{"embeddable":true,"href":"https:\/\/manoirdekerguestenen.fr\/it\/wp-json\/wp\/v2\/media\/2275"}],"wp:attachment":[{"href":"https:\/\/manoirdekerguestenen.fr\/it\/wp-json\/wp\/v2\/media?parent=2459"}],"curies":[{"name":"wp","href":"https:\/\/api.w.org\/{rel}","templated":true}]}}