{"id":2473,"date":"2018-11-13T14:42:25","date_gmt":"2018-11-13T13:42:25","guid":{"rendered":"https:\/\/www.manoirdekerguestenen.fr\/park\/"},"modified":"2023-06-13T17:02:24","modified_gmt":"2023-06-13T15:02:24","slug":"park","status":"publish","type":"page","link":"https:\/\/manoirdekerguestenen.fr\/de\/park\/","title":{"rendered":"Der Park"},"content":{"rendered":"\n<div class=\"wp-block-columns has-2-columns is-layout-flex wp-container-core-columns-is-layout-9d6595d7 wp-block-columns-is-layout-flex\">\n<div class=\"wp-block-column is-layout-flow wp-block-column-is-layout-flow\">\n<figure class=\"wp-block-image size-large\"><img loading=\"lazy\" decoding=\"async\" width=\"1024\" height=\"684\" src=\"https:\/\/www.manoirdekerguestenen.fr\/wp-content\/uploads\/DSC_1873-1-1024x684.jpg\" alt=\"\" class=\"wp-image-1546\" srcset=\"https:\/\/manoirdekerguestenen.fr\/wp-content\/uploads\/DSC_1873-1-1024x684.jpg 1024w, https:\/\/manoirdekerguestenen.fr\/wp-content\/uploads\/DSC_1873-1-300x200.jpg 300w, https:\/\/manoirdekerguestenen.fr\/wp-content\/uploads\/DSC_1873-1-768x513.jpg 768w, https:\/\/manoirdekerguestenen.fr\/wp-content\/uploads\/DSC_1873-1-1536x1025.jpg 1536w, https:\/\/manoirdekerguestenen.fr\/wp-content\/uploads\/DSC_1873-1-2048x1367.jpg 2048w, https:\/\/manoirdekerguestenen.fr\/wp-content\/uploads\/DSC_1873-1-839x560.jpg 839w, https:\/\/manoirdekerguestenen.fr\/wp-content\/uploads\/DSC_1873-1-2000x1335.jpg 2000w, https:\/\/manoirdekerguestenen.fr\/wp-content\/uploads\/DSC_1873-1-840x560.jpg 840w\" sizes=\"auto, (max-width: 1024px) 100vw, 1024px\" \/><\/figure>\n<\/div>\n\n\n\n<div class=\"wp-block-column is-layout-flow wp-block-column-is-layout-flow\">\n<p>Das Herrenhaus von Kerguestenen steht in einem wundersch\u00f6nen bewaldeten Park mit au\u00dfergew\u00f6hnlichen Kulissen.<br\/>Das 6 Hektar gro\u00dfe Anwesen l\u00e4dt Sie dazu ein, jahrhundertealte B\u00e4ume mit verschiedenen Arten zu entdecken.<br\/>Die ruhige Umgebung und die nahegelegene Natur bieten unseren G\u00e4sten einen idealen Rahmen, um sich zu entspannen und neue Energie zu tanken.<\/p>\n<\/div>\n<\/div>\n\n<div style=\"height:50px\" aria-hidden=\"true\" class=\"wp-block-spacer\"><\/div>\n\n<figure class=\"wp-block-gallery has-nested-images columns-default is-cropped wp-block-gallery-1 is-layout-flex wp-block-gallery-is-layout-flex\">\n<figure class=\"wp-block-image size-large\"><a href=\"https:\/\/www.manoirdekerguestenen.fr\/wp-content\/uploads\/DSC_2051-scaled.jpg\"><img loading=\"lazy\" decoding=\"async\" width=\"1024\" height=\"684\" data-id=\"1852\" src=\"https:\/\/www.manoirdekerguestenen.fr\/wp-content\/uploads\/DSC_2051-1024x684.jpg\" alt=\"\" class=\"wp-image-1852\" srcset=\"https:\/\/manoirdekerguestenen.fr\/wp-content\/uploads\/DSC_2051-1024x684.jpg 1024w, https:\/\/manoirdekerguestenen.fr\/wp-content\/uploads\/DSC_2051-300x201.jpg 300w, https:\/\/manoirdekerguestenen.fr\/wp-content\/uploads\/DSC_2051-768x513.jpg 768w, https:\/\/manoirdekerguestenen.fr\/wp-content\/uploads\/DSC_2051-1536x1027.jpg 1536w, https:\/\/manoirdekerguestenen.fr\/wp-content\/uploads\/DSC_2051-2048x1369.jpg 2048w, https:\/\/manoirdekerguestenen.fr\/wp-content\/uploads\/DSC_2051-838x560.jpg 838w, https:\/\/manoirdekerguestenen.fr\/wp-content\/uploads\/DSC_2051-2000x1337.jpg 2000w, https:\/\/manoirdekerguestenen.fr\/wp-content\/uploads\/DSC_2051-840x560.jpg 840w\" sizes=\"auto, (max-width: 1024px) 100vw, 1024px\" \/><\/a><\/figure>\n\n\n\n<figure class=\"wp-block-image size-large\"><a href=\"https:\/\/www.manoirdekerguestenen.fr\/wp-content\/uploads\/DSC_2047-scaled.jpg\"><img loading=\"lazy\" decoding=\"async\" width=\"1024\" height=\"684\" data-id=\"1850\" src=\"https:\/\/www.manoirdekerguestenen.fr\/wp-content\/uploads\/DSC_2047-1024x684.jpg\" alt=\"\" class=\"wp-image-1850\" srcset=\"https:\/\/manoirdekerguestenen.fr\/wp-content\/uploads\/DSC_2047-1024x684.jpg 1024w, https:\/\/manoirdekerguestenen.fr\/wp-content\/uploads\/DSC_2047-300x201.jpg 300w, https:\/\/manoirdekerguestenen.fr\/wp-content\/uploads\/DSC_2047-768x513.jpg 768w, https:\/\/manoirdekerguestenen.fr\/wp-content\/uploads\/DSC_2047-1536x1027.jpg 1536w, https:\/\/manoirdekerguestenen.fr\/wp-content\/uploads\/DSC_2047-2048x1369.jpg 2048w, https:\/\/manoirdekerguestenen.fr\/wp-content\/uploads\/DSC_2047-838x560.jpg 838w, https:\/\/manoirdekerguestenen.fr\/wp-content\/uploads\/DSC_2047-2000x1337.jpg 2000w, https:\/\/manoirdekerguestenen.fr\/wp-content\/uploads\/DSC_2047-840x560.jpg 840w\" sizes=\"auto, (max-width: 1024px) 100vw, 1024px\" \/><\/a><\/figure>\n\n\n\n<figure class=\"wp-block-image size-large is-style-default\"><a href=\"https:\/\/www.manoirdekerguestenen.fr\/wp-content\/uploads\/DSC_2043-scaled.jpg\"><img loading=\"lazy\" decoding=\"async\" width=\"1024\" height=\"684\" data-id=\"1846\" src=\"https:\/\/www.manoirdekerguestenen.fr\/wp-content\/uploads\/DSC_2043-1024x684.jpg\" alt=\"\" class=\"wp-image-1846\" srcset=\"https:\/\/manoirdekerguestenen.fr\/wp-content\/uploads\/DSC_2043-1024x684.jpg 1024w, https:\/\/manoirdekerguestenen.fr\/wp-content\/uploads\/DSC_2043-300x201.jpg 300w, https:\/\/manoirdekerguestenen.fr\/wp-content\/uploads\/DSC_2043-768x513.jpg 768w, https:\/\/manoirdekerguestenen.fr\/wp-content\/uploads\/DSC_2043-1536x1027.jpg 1536w, https:\/\/manoirdekerguestenen.fr\/wp-content\/uploads\/DSC_2043-2048x1369.jpg 2048w, https:\/\/manoirdekerguestenen.fr\/wp-content\/uploads\/DSC_2043-838x560.jpg 838w, https:\/\/manoirdekerguestenen.fr\/wp-content\/uploads\/DSC_2043-2000x1337.jpg 2000w, https:\/\/manoirdekerguestenen.fr\/wp-content\/uploads\/DSC_2043-840x560.jpg 840w\" sizes=\"auto, (max-width: 1024px) 100vw, 1024px\" \/><\/a><\/figure>\n\n\n\n<figure class=\"wp-block-image size-large\"><a href=\"https:\/\/www.manoirdekerguestenen.fr\/wp-content\/uploads\/2022\/10\/DSC_1761-scaled.jpg\"><img decoding=\"async\" src=\"https:\/\/www.manoirdekerguestenen.fr\/wp-content\/uploads\/2022\/10\/DSC_1761-scaled.jpg\" alt=\"\"\/><\/a><\/figure>\n\n\n\n<figure class=\"wp-block-image size-large\"><a href=\"https:\/\/www.manoirdekerguestenen.fr\/wp-content\/uploads\/2022\/10\/DSC_1783-scaled.jpg\"><img decoding=\"async\" src=\"https:\/\/www.manoirdekerguestenen.fr\/wp-content\/uploads\/2022\/10\/DSC_1783-scaled.jpg\" alt=\"\"\/><\/a><\/figure>\n\n\n\n<figure class=\"wp-block-image size-large\"><a href=\"https:\/\/www.manoirdekerguestenen.fr\/wp-content\/uploads\/2022\/10\/DSC_1757-scaled.jpg\"><img decoding=\"async\" src=\"https:\/\/www.manoirdekerguestenen.fr\/wp-content\/uploads\/2022\/10\/DSC_1757-scaled.jpg\" alt=\"\"\/><\/a><\/figure>\n\n\n\n<figure class=\"wp-block-image size-large\"><a href=\"https:\/\/www.manoirdekerguestenen.fr\/wp-content\/uploads\/DSC_2057-scaled.jpg\"><img loading=\"lazy\" decoding=\"async\" width=\"1024\" height=\"684\" data-id=\"1856\" src=\"https:\/\/www.manoirdekerguestenen.fr\/wp-content\/uploads\/DSC_2057-1024x684.jpg\" alt=\"\" class=\"wp-image-1856\" srcset=\"https:\/\/manoirdekerguestenen.fr\/wp-content\/uploads\/DSC_2057-1024x684.jpg 1024w, https:\/\/manoirdekerguestenen.fr\/wp-content\/uploads\/DSC_2057-300x201.jpg 300w, https:\/\/manoirdekerguestenen.fr\/wp-content\/uploads\/DSC_2057-768x513.jpg 768w, https:\/\/manoirdekerguestenen.fr\/wp-content\/uploads\/DSC_2057-1536x1027.jpg 1536w, https:\/\/manoirdekerguestenen.fr\/wp-content\/uploads\/DSC_2057-2048x1369.jpg 2048w, https:\/\/manoirdekerguestenen.fr\/wp-content\/uploads\/DSC_2057-838x560.jpg 838w, https:\/\/manoirdekerguestenen.fr\/wp-content\/uploads\/DSC_2057-2000x1337.jpg 2000w, https:\/\/manoirdekerguestenen.fr\/wp-content\/uploads\/DSC_2057-840x560.jpg 840w\" sizes=\"auto, (max-width: 1024px) 100vw, 1024px\" \/><\/a><\/figure>\n\n\n\n<figure class=\"wp-block-image size-large\"><a href=\"https:\/\/www.manoirdekerguestenen.fr\/wp-content\/uploads\/2022\/10\/68205232-8a20-4c18-9d7b-3c9b25f238cd-Copie-scaled.jpg\"><img decoding=\"async\" src=\"https:\/\/www.manoirdekerguestenen.fr\/wp-content\/uploads\/2022\/10\/68205232-8a20-4c18-9d7b-3c9b25f238cd-Copie-scaled.jpg\" alt=\"\"\/><\/a><\/figure>\n\n\n\n<figure class=\"wp-block-image size-large\"><a href=\"https:\/\/www.manoirdekerguestenen.fr\/wp-content\/uploads\/DSC_2003-scaled.jpg\"><img loading=\"lazy\" decoding=\"async\" width=\"1024\" height=\"681\" data-id=\"1582\" src=\"https:\/\/www.manoirdekerguestenen.fr\/wp-content\/uploads\/DSC_2003-1024x681.jpg\" alt=\"\" class=\"wp-image-1582\" srcset=\"https:\/\/manoirdekerguestenen.fr\/wp-content\/uploads\/DSC_2003-1024x681.jpg 1024w, https:\/\/manoirdekerguestenen.fr\/wp-content\/uploads\/DSC_2003-300x200.jpg 300w, https:\/\/manoirdekerguestenen.fr\/wp-content\/uploads\/DSC_2003-768x511.jpg 768w, https:\/\/manoirdekerguestenen.fr\/wp-content\/uploads\/DSC_2003-1536x1022.jpg 1536w, https:\/\/manoirdekerguestenen.fr\/wp-content\/uploads\/DSC_2003-2048x1363.jpg 2048w, https:\/\/manoirdekerguestenen.fr\/wp-content\/uploads\/DSC_2003-842x560.jpg 842w, https:\/\/manoirdekerguestenen.fr\/wp-content\/uploads\/DSC_2003-2000x1331.jpg 2000w, https:\/\/manoirdekerguestenen.fr\/wp-content\/uploads\/DSC_2003-840x560.jpg 840w\" sizes=\"auto, (max-width: 1024px) 100vw, 1024px\" \/><\/a><\/figure>\n<\/figure>\n\n<figure class=\"wp-block-gallery has-nested-images columns-default is-cropped wp-block-gallery-2 is-layout-flex wp-block-gallery-is-layout-flex\">\n<figure class=\"wp-block-image size-large\"><a href=\"https:\/\/www.manoirdekerguestenen.fr\/wp-content\/uploads\/DSC_2032-scaled.jpg\"><img loading=\"lazy\" decoding=\"async\" width=\"1024\" height=\"684\" data-id=\"1707\" src=\"https:\/\/www.manoirdekerguestenen.fr\/wp-content\/uploads\/DSC_2032-1024x684.jpg\" alt=\"\" class=\"wp-image-1707\" srcset=\"https:\/\/manoirdekerguestenen.fr\/wp-content\/uploads\/DSC_2032-1024x684.jpg 1024w, https:\/\/manoirdekerguestenen.fr\/wp-content\/uploads\/DSC_2032-300x201.jpg 300w, https:\/\/manoirdekerguestenen.fr\/wp-content\/uploads\/DSC_2032-768x513.jpg 768w, https:\/\/manoirdekerguestenen.fr\/wp-content\/uploads\/DSC_2032-1536x1027.jpg 1536w, https:\/\/manoirdekerguestenen.fr\/wp-content\/uploads\/DSC_2032-2048x1369.jpg 2048w, https:\/\/manoirdekerguestenen.fr\/wp-content\/uploads\/DSC_2032-838x560.jpg 838w, https:\/\/manoirdekerguestenen.fr\/wp-content\/uploads\/DSC_2032-2000x1337.jpg 2000w, https:\/\/manoirdekerguestenen.fr\/wp-content\/uploads\/DSC_2032-840x560.jpg 840w\" sizes=\"auto, (max-width: 1024px) 100vw, 1024px\" \/><\/a><\/figure>\n\n\n\n<figure class=\"wp-block-image size-large\"><a href=\"https:\/\/www.manoirdekerguestenen.fr\/wp-content\/uploads\/DSC_2031-scaled.jpg\"><img loading=\"lazy\" decoding=\"async\" width=\"684\" height=\"1024\" data-id=\"1705\" src=\"https:\/\/www.manoirdekerguestenen.fr\/wp-content\/uploads\/DSC_2031-684x1024.jpg\" alt=\"\" class=\"wp-image-1705\" srcset=\"https:\/\/manoirdekerguestenen.fr\/wp-content\/uploads\/DSC_2031-684x1024.jpg 684w, https:\/\/manoirdekerguestenen.fr\/wp-content\/uploads\/DSC_2031-201x300.jpg 201w, https:\/\/manoirdekerguestenen.fr\/wp-content\/uploads\/DSC_2031-768x1149.jpg 768w, https:\/\/manoirdekerguestenen.fr\/wp-content\/uploads\/DSC_2031-1027x1536.jpg 1027w, https:\/\/manoirdekerguestenen.fr\/wp-content\/uploads\/DSC_2031-1369x2048.jpg 1369w, https:\/\/manoirdekerguestenen.fr\/wp-content\/uploads\/DSC_2031-374x560.jpg 374w, https:\/\/manoirdekerguestenen.fr\/wp-content\/uploads\/DSC_2031-2000x2992.jpg 2000w, https:\/\/manoirdekerguestenen.fr\/wp-content\/uploads\/DSC_2031-scaled.jpg 1711w\" sizes=\"auto, (max-width: 684px) 100vw, 684px\" \/><\/a><\/figure>\n<\/figure>\n","protected":false},"excerpt":{"rendered":"<p>Das Herrenhaus von Kerguestenen steht in einem wundersch\u00f6nen bewaldeten Park mit au\u00dfergew\u00f6hnlichen Kulissen.Das 6 Hektar gro\u00dfe Anwesen l\u00e4dt Sie dazu ein, jahrhundertealte B\u00e4ume mit verschiedenen Arten zu entdecken.Die ruhige Umgebung und die nahegelegene Natur bieten unseren G\u00e4sten einen idealen Rahmen, um sich zu entspannen und neue Energie zu tanken.<\/p>\n","protected":false},"author":1,"featured_media":2151,"parent":0,"menu_order":0,"comment_status":"closed","ping_status":"closed","template":"template-full-width-page.php","meta":{"footnotes":""},"class_list":["post-2473","page","type-page","status-publish","has-post-thumbnail","hentry"],"aioseo_notices":[],"_links":{"self":[{"href":"https:\/\/manoirdekerguestenen.fr\/de\/wp-json\/wp\/v2\/pages\/2473","targetHints":{"allow":["GET"]}}],"collection":[{"href":"https:\/\/manoirdekerguestenen.fr\/de\/wp-json\/wp\/v2\/pages"}],"about":[{"href":"https:\/\/manoirdekerguestenen.fr\/de\/wp-json\/wp\/v2\/types\/page"}],"author":[{"embeddable":true,"href":"https:\/\/manoirdekerguestenen.fr\/de\/wp-json\/wp\/v2\/users\/1"}],"replies":[{"embeddable":true,"href":"https:\/\/manoirdekerguestenen.fr\/de\/wp-json\/wp\/v2\/comments?post=2473"}],"version-history":[{"count":1,"href":"https:\/\/manoirdekerguestenen.fr\/de\/wp-json\/wp\/v2\/pages\/2473\/revisions"}],"predecessor-version":[{"id":2474,"href":"https:\/\/manoirdekerguestenen.fr\/de\/wp-json\/wp\/v2\/pages\/2473\/revisions\/2474"}],"wp:featuredmedia":[{"embeddable":true,"href":"https:\/\/manoirdekerguestenen.fr\/de\/wp-json\/wp\/v2\/media\/2151"}],"wp:attachment":[{"href":"https:\/\/manoirdekerguestenen.fr\/de\/wp-json\/wp\/v2\/media?parent=2473"}],"curies":[{"name":"wp","href":"https:\/\/api.w.org\/{rel}","templated":true}]}}