{"id":2469,"date":"2018-11-13T16:35:09","date_gmt":"2018-11-13T15:35:09","guid":{"rendered":"https:\/\/www.manoirdekerguestenen.fr\/kontakt\/"},"modified":"2023-06-13T17:01:46","modified_gmt":"2023-06-13T15:01:46","slug":"kontakt","status":"publish","type":"page","link":"https:\/\/manoirdekerguestenen.fr\/de\/kontakt\/","title":{"rendered":"Kontaktieren Sie uns"},"content":{"rendered":"\n<div class=\"wp-block-columns has-2-columns is-layout-flex wp-container-core-columns-is-layout-9d6595d7 wp-block-columns-is-layout-flex\">\n<div class=\"wp-block-column is-layout-flow wp-block-column-is-layout-flow\">\n<h3 class=\"wp-block-heading\">Bleiben wir in Kontakt<\/h3>\n\n\n\n<p>Das Manoir de Kerguestenen ist eines der beliebtesten G\u00e4steh\u00e4user in der Region Lorientaise. Jeder Moment Ihres Aufenthalts ist uns wichtig, daher m\u00f6chten wir sicherstellen, dass Sie Ihren Urlaub genie\u00dfen.  <\/p>\n\n\n\n<p><a href=\"tel:+33%2006%2095%2035%2088%2033\">+33 06 95 35 88 33<\/a><br\/><a href=\"mailto:contact@manoirdekerguestenen.fr\">contact@manoirdekerguestenen.fr<\/a><\/p>\n\n\n\n<div style=\"height:10px\" aria-hidden=\"true\" class=\"wp-block-spacer\"><\/div>\n\n\n\n<p><strong>Herrenhaus von Kerguestenen<br\/>All\u00e9e de Kerguestenen<br\/>56530 GESTEL<\/strong><\/p>\n\n\n\n<p>GPS-Koordinaten des Eingangs zum Park des Herrenhauses:<br\/>  Breitengrad: 47.80070<br\/>  L\u00e4ngengrad: -3.42840<br\/>In Grad, Minuten, Sekunden<br\/>  Breitengrad: 47\u00b048&#8217;2.52&#8220;N<br\/>  L\u00e4ngengrad: 3\u00b025&#8217;42 .239&#8220;W<\/p>\n\n\n\n<p>Nehmen Sie die Stra\u00dfe, die die Verbindung zwischen Gestel und Queven herstellt.<br\/>Am Kreisverkehr von Kerdy fahren Sie in Richtung Kerguestenen.<br\/>Etwa 500 m vom Kreisverkehr entfernt nehmen Sie die Abzweigung nach rechts.<\/p>\n\n\n\n<p class=\"has-text-color\" style=\"color:#6e7078\">Manoir de Kerguestenen, 56530 GESTEL, FR<\/p>\n\n\n\n<figure><iframe loading=\"lazy\" src=\"https:\/\/maps.google.com\/maps?q=kerguestenen,%20gestel&#038;t=&#038;z=13&#038;ie=UTF8&#038;iwloc=&#038;output=embed\" allowfullscreen=\"\" width=\"892\" height=\"300\" frameborder=\"0\"><\/iframe><\/figure>\n\n\n\n<h3 class=\"wp-block-heading\">Hinterlassen Sie uns eine Nachricht<\/h3>\n\n\n\n<div class=\"wpcf7 no-js\" id=\"wpcf7-f2183-o1\" lang=\"de-DE\" dir=\"ltr\" data-wpcf7-id=\"2183\">\n<div class=\"screen-reader-response\"><p role=\"status\" aria-live=\"polite\" aria-atomic=\"true\"><\/p> <ul><\/ul><\/div>\n<form action=\"\/de\/wp-json\/wp\/v2\/pages\/2469#wpcf7-f2183-o1\" method=\"post\" class=\"wpcf7-form init\" aria-label=\"Contact form\" novalidate=\"novalidate\" data-status=\"init\">\n<fieldset class=\"hidden-fields-container\"><input type=\"hidden\" name=\"_wpcf7\" value=\"2183\" \/><input type=\"hidden\" name=\"_wpcf7_version\" value=\"6.1.5\" \/><input type=\"hidden\" name=\"_wpcf7_locale\" value=\"de_DE\" \/><input type=\"hidden\" name=\"_wpcf7_unit_tag\" value=\"wpcf7-f2183-o1\" \/><input type=\"hidden\" name=\"_wpcf7_container_post\" value=\"0\" \/><input type=\"hidden\" name=\"_wpcf7_posted_data_hash\" value=\"\" \/>\n<\/fieldset>\n<p><label> Ihr Name<br \/>\n<span class=\"wpcf7-form-control-wrap\" data-name=\"your-name\"><input size=\"40\" maxlength=\"400\" class=\"wpcf7-form-control wpcf7-text wpcf7-validates-as-required\" aria-required=\"true\" aria-invalid=\"false\" value=\"\" type=\"text\" name=\"your-name\" \/><\/span> <\/label>\n<\/p>\n<p><label> Ihre E-Mail<br \/>\n<span class=\"wpcf7-form-control-wrap\" data-name=\"your-email\"><input size=\"40\" maxlength=\"400\" class=\"wpcf7-form-control wpcf7-email wpcf7-validates-as-required wpcf7-text wpcf7-validates-as-email\" aria-required=\"true\" aria-invalid=\"false\" value=\"\" type=\"email\" name=\"your-email\" \/><\/span> <\/label>\n<\/p>\n<p><label> Objekt<br \/>\n<span class=\"wpcf7-form-control-wrap\" data-name=\"your-subject\"><input size=\"40\" maxlength=\"400\" class=\"wpcf7-form-control wpcf7-text wpcf7-validates-as-required\" aria-required=\"true\" aria-invalid=\"false\" value=\"\" type=\"text\" name=\"your-subject\" \/><\/span> <\/label>\n<\/p>\n<p><label> Ihre Nachricht (optional)<br \/>\n<span class=\"wpcf7-form-control-wrap\" data-name=\"your-message\"><textarea cols=\"40\" rows=\"10\" maxlength=\"2000\" class=\"wpcf7-form-control wpcf7-textarea\" aria-invalid=\"false\" name=\"your-message\"><\/textarea><\/span> <\/label>\n<\/p>\n<p><input class=\"wpcf7-form-control wpcf7-submit has-spinner\" type=\"submit\" value=\"Envoyer\" \/>\n<\/p><div class=\"wpcf7-response-output\" aria-hidden=\"true\"><\/div>\n<\/form>\n<\/div>\n\n<\/div>\n<\/div>\n","protected":false},"excerpt":{"rendered":"<p>Bleiben wir in Kontakt Das Manoir de Kerguestenen ist eines der beliebtesten G\u00e4steh\u00e4user in der Region Lorientaise. Jeder Moment Ihres Aufenthalts ist uns wichtig, daher m\u00f6chten wir sicherstellen, dass Sie Ihren Urlaub genie\u00dfen. +33 06 95 35 88 33contact@manoirdekerguestenen.fr Herrenhaus von KerguestenenAll\u00e9e de Kerguestenen56530 GESTEL GPS-Koordinaten des Eingangs zum Park des Herrenhauses: Breitengrad: 47.80070 L\u00e4ngengrad: &hellip; <a href=\"https:\/\/manoirdekerguestenen.fr\/de\/kontakt\/\" class=\"more-link\">Continue reading<span class=\"screen-reader-text\"> &#8222;Kontaktieren Sie uns&#8220;<\/span><\/a><\/p>\n","protected":false},"author":1,"featured_media":2132,"parent":0,"menu_order":0,"comment_status":"closed","ping_status":"closed","template":"template-full-width-page.php","meta":{"footnotes":""},"class_list":["post-2469","page","type-page","status-publish","has-post-thumbnail","hentry"],"aioseo_notices":[],"_links":{"self":[{"href":"https:\/\/manoirdekerguestenen.fr\/de\/wp-json\/wp\/v2\/pages\/2469","targetHints":{"allow":["GET"]}}],"collection":[{"href":"https:\/\/manoirdekerguestenen.fr\/de\/wp-json\/wp\/v2\/pages"}],"about":[{"href":"https:\/\/manoirdekerguestenen.fr\/de\/wp-json\/wp\/v2\/types\/page"}],"author":[{"embeddable":true,"href":"https:\/\/manoirdekerguestenen.fr\/de\/wp-json\/wp\/v2\/users\/1"}],"replies":[{"embeddable":true,"href":"https:\/\/manoirdekerguestenen.fr\/de\/wp-json\/wp\/v2\/comments?post=2469"}],"version-history":[{"count":1,"href":"https:\/\/manoirdekerguestenen.fr\/de\/wp-json\/wp\/v2\/pages\/2469\/revisions"}],"predecessor-version":[{"id":2470,"href":"https:\/\/manoirdekerguestenen.fr\/de\/wp-json\/wp\/v2\/pages\/2469\/revisions\/2470"}],"wp:featuredmedia":[{"embeddable":true,"href":"https:\/\/manoirdekerguestenen.fr\/de\/wp-json\/wp\/v2\/media\/2132"}],"wp:attachment":[{"href":"https:\/\/manoirdekerguestenen.fr\/de\/wp-json\/wp\/v2\/media?parent=2469"}],"curies":[{"name":"wp","href":"https:\/\/api.w.org\/{rel}","templated":true}]}}