{"id":2461,"date":"2018-11-13T15:01:07","date_gmt":"2018-11-13T14:01:07","guid":{"rendered":"https:\/\/www.manoirdekerguestenen.fr\/reservierungen\/"},"modified":"2024-06-29T17:55:23","modified_gmt":"2024-06-29T15:55:23","slug":"reservierungen","status":"publish","type":"page","link":"https:\/\/manoirdekerguestenen.fr\/de\/reservierungen\/","title":{"rendered":"Reservierungen"},"content":{"rendered":"\n<p>Reservierungen m\u00fcssen per E-Mail oder Post best\u00e4tigt werden.<br\/>Sollten wir nicht verf\u00fcgbar sein, z\u00f6gern Sie bitte nicht, uns direkt per Telefon oder E-Mail zu kontaktieren,<br\/>k\u00f6nnen wir Ihnen vielleicht eine L\u00f6sung anbieten<\/p>\n<div class=\"mphb_sc_search-wrapper \">\n<form method=\"GET\" class=\"mphb_sc_search-form\" action=\"https:\/\/manoirdekerguestenen.fr\/de\/suche\/\" data-first_available_check_in_date=\"2026-04-29\">\n\n\t<p class = \"mphb-required-fields-tip\">\n\t<small>\n\t\tErforderliche Felder werden gefolgt von\t\t<abbr title=\"required\">*<\/abbr>\n\t<\/small>\n<\/p>\n\n\t<p class=\"mphb_sc_search-check-in-date\">\n\t\t<label for=\"mphb_check_in_date-mphb-search-form-69f22cbe75628\">\n\t\t\tAnreise\t\t\t<abbr title=\"Formatiert als dd\/mm\/yyyy\">*<\/abbr>\n\t\t<\/label>\n\t\t<br \/>\n\t\t<input\n\t\t\tid=\"mphb_check_in_date-mphb-search-form-69f22cbe75628\"\n\t\t\tdata-datepick-group=\"mphb-search-form-69f22cbe75628\"\n\t\t\tvalue=\"\"\n\t\t\tplaceholder=\"Anreisedatum\"\n\t\t\trequired=\"required\"\n\t\t\ttype=\"text\"\n\t\t\tinputmode=\"none\"\n\t\t\tname=\"mphb_check_in_date\"\n\t\t\tclass=\"mphb-datepick\"\n\t\t\tautocomplete=\"off\"\n\t\t\t\/>\n\t<\/p>\n\n\t<p class=\"mphb_sc_search-check-out-date\">\n\t\t<label for=\"mphb_check_out_date-mphb-search-form-69f22cbe75628\">\n\t\t\tAbreise\t\t\t<abbr title=\"Formatiert als dd\/mm\/yyyy\">*<\/abbr>\n\t\t<\/label>\n\t\t<br \/>\n\t\t<input\n\t\t\tid=\"mphb_check_out_date-mphb-search-form-69f22cbe75628\"\n\t\t\tdata-datepick-group=\"mphb-search-form-69f22cbe75628\"\n\t\t\tvalue=\"\"\n\t\t\tplaceholder=\"Abreisedatum\"\n\t\t\trequired=\"required\"\n\t\t\ttype=\"text\"\n\t\t\tinputmode=\"none\"\n\t\t\tname=\"mphb_check_out_date\"\n\t\t\tclass=\"mphb-datepick\"\n\t\t\tautocomplete=\"off\"\n\t\t\t\/>\n\t<\/p>\n\n\t\t\t<input type=\"hidden\" id=\"mphb_adults-mphb-search-form-69f22cbe75628\" name=\"mphb_adults\" value=\"1\" \/>\n\t\n\t\t\t<input type=\"hidden\" id=\"mphb_children-mphb-search-form-69f22cbe75628\" name=\"mphb_children\" value=\"0\" \/>\n\t\n\t\n\t\n\t<input id=\"mphb_check_in_date-mphb-search-form-69f22cbe75628-hidden\" value=\"\" type=\"hidden\" name=\"mphb_check_in_date\" \/><input id=\"mphb_check_out_date-mphb-search-form-69f22cbe75628-hidden\" value=\"\" type=\"hidden\" name=\"mphb_check_out_date\" \/>\n\t<p class=\"mphb_sc_search-submit-button-wrapper\">\n\t\t<input type=\"submit\" class=\"button\" value=\"Suche\"\/>\n\t<\/p>\n\n\t\n<\/form>\n<\/div>\n\n<div style=\"height:26px\" aria-hidden=\"true\" class=\"wp-block-spacer\"><\/div>\n\n<p>Zahlungsarten :<\/p>\n\n<ul class=\"wp-block-list\">\n<li>Arten<\/li>\n\n\n\n<li>Schecks (nur bei franz\u00f6sischen Banken)<\/li>\n\n\n\n<li>Bankkarte \u00fcber Stripe<\/li>\n\n\n\n<li>Bankeinzug \u00fcber Stripe<\/li>\n<\/ul>\n","protected":false},"excerpt":{"rendered":"<p>Reservierungen m\u00fcssen per E-Mail oder Post best\u00e4tigt werden.Sollten wir nicht verf\u00fcgbar sein, z\u00f6gern Sie bitte nicht, uns direkt per Telefon oder E-Mail zu kontaktieren,k\u00f6nnen wir Ihnen vielleicht eine L\u00f6sung anbieten Zahlungsarten :<\/p>\n","protected":false},"author":1,"featured_media":2046,"parent":0,"menu_order":0,"comment_status":"closed","ping_status":"closed","template":"template-full-width-page.php","meta":{"footnotes":""},"class_list":["post-2461","page","type-page","status-publish","has-post-thumbnail","hentry"],"aioseo_notices":[],"_links":{"self":[{"href":"https:\/\/manoirdekerguestenen.fr\/de\/wp-json\/wp\/v2\/pages\/2461","targetHints":{"allow":["GET"]}}],"collection":[{"href":"https:\/\/manoirdekerguestenen.fr\/de\/wp-json\/wp\/v2\/pages"}],"about":[{"href":"https:\/\/manoirdekerguestenen.fr\/de\/wp-json\/wp\/v2\/types\/page"}],"author":[{"embeddable":true,"href":"https:\/\/manoirdekerguestenen.fr\/de\/wp-json\/wp\/v2\/users\/1"}],"replies":[{"embeddable":true,"href":"https:\/\/manoirdekerguestenen.fr\/de\/wp-json\/wp\/v2\/comments?post=2461"}],"version-history":[{"count":2,"href":"https:\/\/manoirdekerguestenen.fr\/de\/wp-json\/wp\/v2\/pages\/2461\/revisions"}],"predecessor-version":[{"id":3868,"href":"https:\/\/manoirdekerguestenen.fr\/de\/wp-json\/wp\/v2\/pages\/2461\/revisions\/3868"}],"wp:featuredmedia":[{"embeddable":true,"href":"https:\/\/manoirdekerguestenen.fr\/de\/wp-json\/wp\/v2\/media\/2046"}],"wp:attachment":[{"href":"https:\/\/manoirdekerguestenen.fr\/de\/wp-json\/wp\/v2\/media?parent=2461"}],"curies":[{"name":"wp","href":"https:\/\/api.w.org\/{rel}","templated":true}]}}