{"id":2170,"date":"2022-09-27T02:26:39","date_gmt":"2022-09-27T00:26:39","guid":{"rendered":"https:\/\/www.manoirdekerguestenen.fr\/a-naehe\/"},"modified":"2023-06-07T18:16:56","modified_gmt":"2023-06-07T16:16:56","slug":"a-naehe","status":"publish","type":"page","link":"https:\/\/manoirdekerguestenen.fr\/de\/a-naehe\/","title":{"rendered":"In der N\u00e4he"},"content":{"rendered":"\n<p><\/p>\n\n<p><\/p>\n\n<h3 class=\"wp-block-heading\"><strong>Zu Fu\u00df vom Herrenhaus aus<\/strong>:<\/h3>\n\n<ul class=\"wp-block-list\" style=\"font-size:16px\"><li><a href=\"https:\/\/www.lorientbretagnesudtourisme.fr\/fr\/immanquables\/gestel\/le-domaine-du-lain-a-gestel\/\" target=\"_blank\" rel=\"noopener\" title=\"\">Le Domaine du Lain in Gestel<\/a><\/li><li><a href=\"https:\/\/bluegreen.fr\/val-queven\/\" target=\"_blank\" rel=\"noopener\" title=\"\">Der Golfplatz &#8222;Bluegreen Val Queven&#8220;.<\/a><\/li><li><a href=\"https:\/\/www.centre-equestre-queven.com\/\" target=\"_blank\" rel=\"noopener\" title=\"\">Das Reitzentrum in Qu\u00e9ven<\/a><\/li><li><a href=\"https:\/\/www.queven.com\/decouvrir-la-ville\/la-nature\/les-circuits-de-randonnee\/\" target=\"_blank\" rel=\"noopener\" title=\"\">Wanderwege<\/a><\/li><li><a href=\"https:\/\/www.komoot.fr\/guide\/1520894\/pistes-cyclables-autour-de-queven\" target=\"_blank\" rel=\"noopener\" title=\"\">Die Fahrradtouren<\/a><\/li><\/ul>\n\n<p><\/p>\n\n<h3 class=\"wp-block-heading\"><strong>In der Umgebung<\/strong>:<\/h3>\n\n<ul class=\"wp-block-list\"><li>Lorient :<br\/><a href=\"https:\/\/www.citevoile-tabarly.com\/fr\" target=\"_blank\" rel=\"noopener\" title=\"\">Cit\u00e9 de la Voile Eric Tabarly (Stadt des Segelsports)<\/a><br\/><a href=\"https:\/\/www.la-flore.fr\/fr\" target=\"_blank\" rel=\"noopener\" title=\"\">Unterseeboot Flora und ihr Museum<\/a><br\/><a href=\"https:\/\/www.ports-paysdelorient.fr\/fr\" target=\"_blank\" rel=\"noopener\" title=\"\">Seine verschiedenen H\u00e4fen<\/a><br\/><a href=\"https:\/\/www.festival-interceltique.bzh\/\" target=\"_blank\" rel=\"noopener\" title=\"\">Sein Festival Interceltique, jedes Jahr Anfang August<\/a><br\/><\/li><li><a href=\"https:\/\/www.pont-scorff.fr\/\" target=\"_blank\" rel=\"noopener\" title=\"\">Pont-Scorff<\/a><\/li><li>Port-Louis :<br\/><a href=\"https:\/\/musee.lorient.bzh\/musee\/\" target=\"_blank\" rel=\"noopener\" title=\"\">Das Museum der Indien-Kompanie und die Zitadelle<\/a><br\/><\/li><li>Alle Str\u00e4nde in der Umgebung von Lorient , mit ihren Wassersportaktivit\u00e4ten<br\/><a href=\"https:\/\/www.larmor-plage.bzh\/centre-nautique-de-kerguelen\/\" target=\"_blank\" rel=\"noopener\" title=\"\">Das Centre Nautique de Kerguelen in Larmor-Plage<\/a><br\/><\/li><li>Die Inseln des Morbihan :<br\/>     <a href=\"https:\/\/www.groix.fr\/\" target=\"_blank\" rel=\"noopener\" title=\"\">Groix<\/a><br\/>     <a href=\"https:\/\/www.belle-ile.com\/\" target=\"_blank\" rel=\"noopener\" title=\"\">Belle-Ile<\/a><br\/>     <a href=\"https:\/\/www.mairiedehouat.fr\/\" target=\"_blank\" rel=\"noopener\" title=\"\">Houat<\/a><br\/>     <a href=\"https:\/\/www.hoedic.net\/\" target=\"_blank\" rel=\"noopener\" title=\"\">Hoedic<\/a><\/li><li><a href=\"https:\/\/auray.fr\/\" target=\"_blank\" rel=\"noopener\" title=\"\">Auray<\/a><\/li><li><a href=\"https:\/\/www.golfedumorbihan.bzh\/\" target=\"_blank\" rel=\"noopener\" title=\"\">Der Golf von Morbihan<\/a><\/li><li><a href=\"https:\/\/www.menhirs-carnac.fr\" target=\"_blank\" rel=\"noopener\" title=\"\">Die Alignements von Carnac<\/a><\/li><li><a href=\"https:\/\/www.baiedequiberon.bzh\/quiberon\" target=\"_blank\" rel=\"noopener\" title=\"\">Die Halbinsel Quiberon<\/a><\/li><li><a href=\"https:\/\/www.deconcarneauapontaven.com\/explorer\/vacances-de-concarneau-a-pont-aven\/pont-aven\/\" target=\"_blank\" rel=\"noopener\" title=\"\">Pont-Aven<\/a><\/li><li><a href=\"https:\/\/www.concarneau.org\/\" target=\"_blank\" rel=\"noopener\" title=\"\">Concarneau<\/a><\/li><li><a href=\"https:\/\/www.quimper.bzh\/\" target=\"_blank\" rel=\"noopener\" title=\"\">Quimper<\/a><\/li><\/ul>\n","protected":false},"excerpt":{"rendered":"<p>Zu Fu\u00df vom Herrenhaus aus: Le Domaine du Lain in Gestel Der Golfplatz &#8222;Bluegreen Val Queven&#8220;. Das Reitzentrum in Qu\u00e9ven Wanderwege Die Fahrradtouren In der Umgebung: Lorient :Cit\u00e9 de la Voile Eric Tabarly (Stadt des Segelsports)Unterseeboot Flora und ihr MuseumSeine verschiedenen H\u00e4fenSein Festival Interceltique, jedes Jahr Anfang August Pont-Scorff Port-Louis :Das Museum der Indien-Kompanie und &hellip; <a href=\"https:\/\/manoirdekerguestenen.fr\/de\/a-naehe\/\" class=\"more-link\">Continue reading<span class=\"screen-reader-text\"> &#8222;In der N\u00e4he&#8220;<\/span><\/a><\/p>\n","protected":false},"author":1,"featured_media":2048,"parent":0,"menu_order":0,"comment_status":"closed","ping_status":"closed","template":"template-full-width-page.php","meta":{"footnotes":""},"class_list":["post-2170","page","type-page","status-publish","has-post-thumbnail","hentry"],"aioseo_notices":[],"_links":{"self":[{"href":"https:\/\/manoirdekerguestenen.fr\/de\/wp-json\/wp\/v2\/pages\/2170","targetHints":{"allow":["GET"]}}],"collection":[{"href":"https:\/\/manoirdekerguestenen.fr\/de\/wp-json\/wp\/v2\/pages"}],"about":[{"href":"https:\/\/manoirdekerguestenen.fr\/de\/wp-json\/wp\/v2\/types\/page"}],"author":[{"embeddable":true,"href":"https:\/\/manoirdekerguestenen.fr\/de\/wp-json\/wp\/v2\/users\/1"}],"replies":[{"embeddable":true,"href":"https:\/\/manoirdekerguestenen.fr\/de\/wp-json\/wp\/v2\/comments?post=2170"}],"version-history":[{"count":3,"href":"https:\/\/manoirdekerguestenen.fr\/de\/wp-json\/wp\/v2\/pages\/2170\/revisions"}],"predecessor-version":[{"id":2176,"href":"https:\/\/manoirdekerguestenen.fr\/de\/wp-json\/wp\/v2\/pages\/2170\/revisions\/2176"}],"wp:featuredmedia":[{"embeddable":true,"href":"https:\/\/manoirdekerguestenen.fr\/de\/wp-json\/wp\/v2\/media\/2048"}],"wp:attachment":[{"href":"https:\/\/manoirdekerguestenen.fr\/de\/wp-json\/wp\/v2\/media?parent=2170"}],"curies":[{"name":"wp","href":"https:\/\/api.w.org\/{rel}","templated":true}]}}